{"id":636,"date":"2022-10-30T15:41:49","date_gmt":"2022-10-30T15:41:49","guid":{"rendered":"https:\/\/vetloftas.lt\/?page_id=636"},"modified":"2023-11-30T14:01:11","modified_gmt":"2023-11-30T14:01:11","slug":"tyrimai","status":"publish","type":"page","link":"https:\/\/vetloftas.lt\/?page_id=636","title":{"rendered":"Tyrimai"},"content":{"rendered":"\n\n\t\t\t\t<img src=\"http:\/\/vetloftas.lt\/wp-content\/uploads\/2023\/11\/5_20231130_153615_0004-1024x577.png\" alt=\"kraujo_tyrimai\" itemprop=\"image\" title=\"kraujo_tyrimai\" onerror=\"this.style.display='none'\"  \/>\n\t\t\t\t<img src=\"http:\/\/vetloftas.lt\/wp-content\/uploads\/2023\/11\/6_20231130_153615_0005-1024x577.png\" alt=\"lab_tyrimai\" itemprop=\"image\" title=\"lab_tyrimai\" onerror=\"this.style.display='none'\"  \/>\n\t\t\t\t<img src=\"http:\/\/vetloftas.lt\/wp-content\/uploads\/2023\/11\/7_20231130_153615_0006-1024x577.png\" alt=\"echoskopija\" itemprop=\"image\" title=\"echoskopija\" onerror=\"this.style.display='none'\"  \/>\n\t<p>Veterinarijos klinikoje &#8220;Vetloftas&#8221; diagnostikai naudojame tik naujausi\u0105 ir \u00a0moderniausi\u0105 \u012frang\u0105.<\/p>\n<p>Klinikoje atliekame \u0161iuos tyrimus:<\/p>\n<ul>\n<li>Kraujo morfologin\u012f tyrim\u0105 (kraujo formini\u0173 element\u0173 (eritrocit\u0173, leukocit\u0173, trombocit\u0173 ir kt.) nustatymui;<\/li>\n<li>Kraujo biochemin\u012f tyrim\u0105 (vidaus organ\u0173 veiklai \u012fvertinti);<\/li>\n<li>Hormoninius kraujo tyrimus (skydliauk\u0117s, antinks\u010di\u0173 ir kt. endokrinini\u0173 organ\u0173 veiklos \u012fvertinimui);<\/li>\n<li>Kraujo tepin\u0117lio tyrim\u0105;<\/li>\n<li>Pilvo echoskopijos tyrim\u0105;<\/li>\n<li>\u0160lapimo tyrimus (\u0161lapimo biochemin\u012f tyrim\u0105, nuos\u0117d\u0173 mikroskopavim\u0105);<\/li>\n<li>Kaprologinius tyrimus (i\u0161mat\u0173 tyrimus);<\/li>\n<li>Bakteriologinius tyrimus (ligos sukel\u0117jui nustatyti);<\/li>\n<li>Greituosius lig\u0173 testus (infekcini\u0173 lig\u0173 nustatymui);<\/li>\n<li>Odos mikroskopinius tyrimus (parazitini\u0173 lig\u0173 nustatymui).<\/li>\n<\/ul>\n\n","protected":false},"excerpt":{"rendered":"<p>Veterinarijos klinikoje &#8220;Vetloftas&#8221; diagnostikai naudojame tik naujausi\u0105 ir \u00a0moderniausi\u0105 \u012frang\u0105. Klinikoje atliekame \u0161iuos tyrimus: Kraujo morfologin\u012f tyrim\u0105 (kraujo formini\u0173 element\u0173 (eritrocit\u0173, leukocit\u0173, trombocit\u0173 ir kt.) nustatymui; Kraujo biochemin\u012f tyrim\u0105 (vidaus organ\u0173 veiklai \u012fvertinti); Hormoninius kraujo tyrimus (skydliauk\u0117s, antinks\u010di\u0173 ir kt. endokrinini\u0173 organ\u0173 veiklos \u012fvertinimui); Kraujo tepin\u0117lio tyrim\u0105; Pilvo echoskopijos tyrim\u0105; \u0160lapimo tyrimus (\u0161lapimo biochemin\u012f tyrim\u0105, &hellip;<\/p>\n<p class=\"read-more\"> <a class=\"\" href=\"https:\/\/vetloftas.lt\/?page_id=636\"> <span class=\"screen-reader-text\">Tyrimai<\/span> Read More &raquo;<\/a><\/p>\n","protected":false},"author":1,"featured_media":0,"parent":0,"menu_order":0,"comment_status":"closed","ping_status":"closed","template":"","meta":{"site-sidebar-layout":"default","site-content-layout":"default","ast-global-header-display":"","ast-main-header-display":"","ast-hfb-above-header-display":"","ast-hfb-below-header-display":"","ast-hfb-mobile-header-display":"","site-post-title":"","ast-breadcrumbs-content":"","ast-featured-img":"","footer-sml-layout":"","theme-transparent-header-meta":"","adv-header-id-meta":"","stick-header-meta":"","header-above-stick-meta":"","header-main-stick-meta":"","header-below-stick-meta":""},"_links":{"self":[{"href":"https:\/\/vetloftas.lt\/index.php?rest_route=\/wp\/v2\/pages\/636"}],"collection":[{"href":"https:\/\/vetloftas.lt\/index.php?rest_route=\/wp\/v2\/pages"}],"about":[{"href":"https:\/\/vetloftas.lt\/index.php?rest_route=\/wp\/v2\/types\/page"}],"author":[{"embeddable":true,"href":"https:\/\/vetloftas.lt\/index.php?rest_route=\/wp\/v2\/users\/1"}],"replies":[{"embeddable":true,"href":"https:\/\/vetloftas.lt\/index.php?rest_route=%2Fwp%2Fv2%2Fcomments&post=636"}],"version-history":[{"count":8,"href":"https:\/\/vetloftas.lt\/index.php?rest_route=\/wp\/v2\/pages\/636\/revisions"}],"predecessor-version":[{"id":855,"href":"https:\/\/vetloftas.lt\/index.php?rest_route=\/wp\/v2\/pages\/636\/revisions\/855"}],"wp:attachment":[{"href":"https:\/\/vetloftas.lt\/index.php?rest_route=%2Fwp%2Fv2%2Fmedia&parent=636"}],"curies":[{"name":"wp","href":"https:\/\/api.w.org\/{rel}","templated":true}]}}