{"id":634,"date":"2022-10-30T15:40:49","date_gmt":"2022-10-30T15:40:49","guid":{"rendered":"https:\/\/vetloftas.lt\/?page_id=634"},"modified":"2023-11-30T13:41:30","modified_gmt":"2023-11-30T13:41:30","slug":"terapinis-gydymas","status":"publish","type":"page","link":"https:\/\/vetloftas.lt\/?page_id=634","title":{"rendered":"Terapinis gydymas"},"content":{"rendered":"\n\n\t\t\t\t<img src=\"http:\/\/vetloftas.lt\/wp-content\/uploads\/2023\/11\/4_20231130_153615_0003-1024x577.png\" alt=\"terapinis_gydymas\" itemprop=\"image\" title=\"terapinis_gydymas\" onerror=\"this.style.display='none'\"  \/>\n\t<p>Veterinarijos klinikoje &#8220;Vetloftas&#8221; taikome vidaus lig\u0173 gydym\u0105 (odos, vir\u0161kinamojo trakto, infekcini\u0173 lig\u0173 ir kt.), prireikus teikiame skubi\u0105 pagalb\u0105, atliekame profilaktines ap\u017ei\u016bras.<\/p>\n\n","protected":false},"excerpt":{"rendered":"<p>Veterinarijos klinikoje &#8220;Vetloftas&#8221; taikome vidaus lig\u0173 gydym\u0105 (odos, vir\u0161kinamojo trakto, infekcini\u0173 lig\u0173 ir kt.), prireikus teikiame skubi\u0105 pagalb\u0105, atliekame profilaktines ap\u017ei\u016bras.<\/p>\n","protected":false},"author":1,"featured_media":0,"parent":0,"menu_order":0,"comment_status":"closed","ping_status":"closed","template":"","meta":{"site-sidebar-layout":"default","site-content-layout":"default","ast-global-header-display":"","ast-main-header-display":"","ast-hfb-above-header-display":"","ast-hfb-below-header-display":"","ast-hfb-mobile-header-display":"","site-post-title":"","ast-breadcrumbs-content":"","ast-featured-img":"","footer-sml-layout":"","theme-transparent-header-meta":"","adv-header-id-meta":"","stick-header-meta":"","header-above-stick-meta":"","header-main-stick-meta":"","header-below-stick-meta":""},"_links":{"self":[{"href":"https:\/\/vetloftas.lt\/index.php?rest_route=\/wp\/v2\/pages\/634"}],"collection":[{"href":"https:\/\/vetloftas.lt\/index.php?rest_route=\/wp\/v2\/pages"}],"about":[{"href":"https:\/\/vetloftas.lt\/index.php?rest_route=\/wp\/v2\/types\/page"}],"author":[{"embeddable":true,"href":"https:\/\/vetloftas.lt\/index.php?rest_route=\/wp\/v2\/users\/1"}],"replies":[{"embeddable":true,"href":"https:\/\/vetloftas.lt\/index.php?rest_route=%2Fwp%2Fv2%2Fcomments&post=634"}],"version-history":[{"count":6,"href":"https:\/\/vetloftas.lt\/index.php?rest_route=\/wp\/v2\/pages\/634\/revisions"}],"predecessor-version":[{"id":850,"href":"https:\/\/vetloftas.lt\/index.php?rest_route=\/wp\/v2\/pages\/634\/revisions\/850"}],"wp:attachment":[{"href":"https:\/\/vetloftas.lt\/index.php?rest_route=%2Fwp%2Fv2%2Fmedia&parent=634"}],"curies":[{"name":"wp","href":"https:\/\/api.w.org\/{rel}","templated":true}]}}