{"id":629,"date":"2022-10-30T15:32:56","date_gmt":"2022-10-30T15:32:56","guid":{"rendered":"https:\/\/vetloftas.lt\/?page_id=629"},"modified":"2026-02-05T16:33:43","modified_gmt":"2026-02-05T16:33:43","slug":"galerija","status":"publish","type":"page","link":"https:\/\/vetloftas.lt\/?page_id=629","title":{"rendered":"Kainora\u0161tis"},"content":{"rendered":"\n<h2>\n\t\tPagrindini\u0173 paslaug\u0173 kainos\n\t<\/h2>\n\t<ul>\n<li>Pirmin\u0117 ap\u017ei\u016bra 20 \u20ac<\/li>\n<li>Pirmin\u0117 ap\u017ei\u016bra be registracijos nuo 25 \u20ac<\/li>\n<li>Pakartotin\u0117 ap\u017ei\u016bra 10 \u20ac<\/li>\n<li>Vakcinacija nuo infekcini\u0173 lig\u0173, pasiutlig\u0117s 25 \u20ac<\/li>\n<li>Vakcinacija nuo \u0161unid\u017ei\u0173 kosulio 20 \u20ac<\/li>\n<li>Gyv\u016bno \u017eenklinimas poodine mikroschema, duomen\u0173 \u012fvedimas registre 24 \u20ac<\/li>\n<li>Biocheminis kraujo tyrimas 25 \u20ac \/ prie\u0161 operacij\u0105 &#8211; 22 \u20ac<\/li>\n<li>Morfologinis kraujo tyrimas 20 \u20ac<\/li>\n<li>\u0160lapimo tyrimas 18 \u20ac<\/li>\n<li>Echoskopija nuo 20 \u20ac<\/li>\n<li>Aus\u0173 valymas 7 &#8211; 10 \u20ac<\/li>\n<li>Nag\u0173 kirpimas 7 &#8211; 10 \u20ac<\/li>\n<li>Paranalini\u0173 liauk\u0173 valymas 7 &#8211; 10 \u20ac<\/li>\n<li>Veninio kateterio \u012fvedimas 10 \u20ac<\/li>\n<li>Intravenin\u0117 infuzija (la\u0161alin\u0117) 15 &#8211; 20 \u20ac<\/li>\n<li>Injekcija i.m., s.c., i.v. 4 \u20ac<\/li>\n<li>Kat\u0117s kastracija (sterilizacija) 60 \u20ac *<\/li>\n<li>Katino kastracija 40 \u20ac *<\/li>\n<li>Kal\u0117s kastracija (sterilizacija) nuo 100 \u20ac *<\/li>\n<li>\u0160uns kastracija nuo 70 \u20ac *<\/li>\n<li>Darini\u0173 \u0161alinimas nuo 80 \u20ac<\/li>\n<li>Krioterapija (darini\u0173 \u0161alinimas \u0161al\u010diu) 30 &#8211; 50 \u20ac<\/li>\n<li>Mastektomija (pieno liauk\u0173 \u0161alinimas) nuo 120 \u20ac<\/li>\n<li>Svetimk\u016bnio \u0161alinimas nuo 130 \u20ac<\/li>\n<li>Burnos higiena nuo 60 \u20ac<\/li>\n<li>Eutanazija nuo 50 \u20ac<\/li>\n<li>Kremavimas nuo 150 \u20ac<\/li>\n<\/ul>\n<p>D\u0117l i\u0161samesn\u0117s informacijos kvie\u010diame kreiptis \u012f veterinarijos klinik\u0105 &#8220;Vetloftas&#8221;.<\/p>\n<p>* ne\u012fskai\u010diuotas pooperacinis r\u016bbelis\/gaubtas, papildomi vaistai.<\/p>\n\n","protected":false},"excerpt":{"rendered":"<p>Pagrindini\u0173 paslaug\u0173 kainos Pirmin\u0117 ap\u017ei\u016bra 20 \u20ac Pirmin\u0117 ap\u017ei\u016bra be registracijos nuo 25 \u20ac Pakartotin\u0117 ap\u017ei\u016bra 10 \u20ac Vakcinacija nuo infekcini\u0173 lig\u0173, pasiutlig\u0117s 25 \u20ac Vakcinacija nuo \u0161unid\u017ei\u0173 kosulio 20 \u20ac Gyv\u016bno \u017eenklinimas poodine mikroschema, duomen\u0173 \u012fvedimas registre 24 \u20ac Biocheminis kraujo tyrimas 25 \u20ac \/ prie\u0161 operacij\u0105 &#8211; 22 \u20ac Morfologinis kraujo tyrimas 20 &hellip;<\/p>\n<p class=\"read-more\"> <a class=\"\" href=\"https:\/\/vetloftas.lt\/?page_id=629\"> <span class=\"screen-reader-text\">Kainora\u0161tis<\/span> Read More &raquo;<\/a><\/p>\n","protected":false},"author":1,"featured_media":0,"parent":0,"menu_order":0,"comment_status":"closed","ping_status":"closed","template":"","meta":{"site-sidebar-layout":"default","site-content-layout":"default","ast-global-header-display":"","ast-main-header-display":"","ast-hfb-above-header-display":"","ast-hfb-below-header-display":"","ast-hfb-mobile-header-display":"","site-post-title":"","ast-breadcrumbs-content":"","ast-featured-img":"","footer-sml-layout":"","theme-transparent-header-meta":"","adv-header-id-meta":"","stick-header-meta":"","header-above-stick-meta":"","header-main-stick-meta":"","header-below-stick-meta":""},"_links":{"self":[{"href":"https:\/\/vetloftas.lt\/index.php?rest_route=\/wp\/v2\/pages\/629"}],"collection":[{"href":"https:\/\/vetloftas.lt\/index.php?rest_route=\/wp\/v2\/pages"}],"about":[{"href":"https:\/\/vetloftas.lt\/index.php?rest_route=\/wp\/v2\/types\/page"}],"author":[{"embeddable":true,"href":"https:\/\/vetloftas.lt\/index.php?rest_route=\/wp\/v2\/users\/1"}],"replies":[{"embeddable":true,"href":"https:\/\/vetloftas.lt\/index.php?rest_route=%2Fwp%2Fv2%2Fcomments&post=629"}],"version-history":[{"count":14,"href":"https:\/\/vetloftas.lt\/index.php?rest_route=\/wp\/v2\/pages\/629\/revisions"}],"predecessor-version":[{"id":903,"href":"https:\/\/vetloftas.lt\/index.php?rest_route=\/wp\/v2\/pages\/629\/revisions\/903"}],"wp:attachment":[{"href":"https:\/\/vetloftas.lt\/index.php?rest_route=%2Fwp%2Fv2%2Fmedia&parent=629"}],"curies":[{"name":"wp","href":"https:\/\/api.w.org\/{rel}","templated":true}]}}