{"id":515,"date":"2019-07-02T05:11:45","date_gmt":"2019-07-02T05:11:45","guid":{"rendered":"http:\/\/vetloftas.lt\/?page_id=515"},"modified":"2023-10-12T11:06:22","modified_gmt":"2023-10-12T11:06:22","slug":"paslaugos","status":"publish","type":"page","link":"https:\/\/vetloftas.lt\/?page_id=515","title":{"rendered":"Paslaugos"},"content":{"rendered":"\n\n\t<h1>\n\t\t\t\t\tPaslaugos\n\t\t\t\t<\/h1>\n\t\t\t<ul>\n<li>Vidaus lig\u0173 diagnostika ir gydymas<\/li>\n<li>Skubi pagalba<\/li>\n<li>Profilaktin\u0117 ap\u017ei\u016bra<\/li>\n<li>Kraujo tyrimai<\/li>\n<li>\u0160lapimo tyrimai<\/li>\n<li>Odos skutmen\u0173 tyrimas<\/li>\n<li>Kaprologinis (i\u0161mat\u0173 tyrimas)<\/li>\n<li>Greitieji infekcini\u0173 lig\u0173 tyrimai<\/li>\n<li>Bakteriologiniai tyrimai<\/li>\n<li>Pilvo echoskopijos tyrimai<\/li>\n<li>\u017daizd\u0173 chirurginis gydymas<\/li>\n<li>Kastracija\/sterilizacija<\/li>\n<li>Piometros chirurginis gydymas<\/li>\n<li>Navik\u0173 \u0161alinimas<\/li>\n<li>\u0160lapimo tak\u0173, vir\u0161kinamojo trakto operacijos<\/li>\n<li>Diagnostin\u0117 laparotomija<\/li>\n<li>Vakcinacija<\/li>\n<li>Burnos higiena<\/li>\n<li>ES gyv\u016bno augintinio paso i\u0161davimas<\/li>\n<li>\u017denklinimas<\/li>\n<\/ul>\n\n","protected":false},"excerpt":{"rendered":"<p>Paslaugos Vidaus lig\u0173 diagnostika ir gydymas Skubi pagalba Profilaktin\u0117 ap\u017ei\u016bra Kraujo tyrimai \u0160lapimo tyrimai Odos skutmen\u0173 tyrimas Kaprologinis (i\u0161mat\u0173 tyrimas) Greitieji infekcini\u0173 lig\u0173 tyrimai Bakteriologiniai tyrimai Pilvo echoskopijos tyrimai \u017daizd\u0173 chirurginis gydymas Kastracija\/sterilizacija Piometros chirurginis gydymas Navik\u0173 \u0161alinimas \u0160lapimo tak\u0173, vir\u0161kinamojo trakto operacijos Diagnostin\u0117 laparotomija Vakcinacija Burnos higiena ES gyv\u016bno augintinio paso i\u0161davimas \u017denklinimas<\/p>\n","protected":false},"author":1,"featured_media":0,"parent":0,"menu_order":0,"comment_status":"closed","ping_status":"closed","template":"","meta":{"site-sidebar-layout":"no-sidebar","site-content-layout":"page-builder","ast-global-header-display":"","ast-main-header-display":"","ast-hfb-above-header-display":"","ast-hfb-below-header-display":"","ast-hfb-mobile-header-display":"","site-post-title":"disabled","ast-breadcrumbs-content":"","ast-featured-img":"disabled","footer-sml-layout":"","theme-transparent-header-meta":"default","adv-header-id-meta":"","stick-header-meta":"","header-above-stick-meta":"","header-main-stick-meta":"","header-below-stick-meta":""},"_links":{"self":[{"href":"https:\/\/vetloftas.lt\/index.php?rest_route=\/wp\/v2\/pages\/515"}],"collection":[{"href":"https:\/\/vetloftas.lt\/index.php?rest_route=\/wp\/v2\/pages"}],"about":[{"href":"https:\/\/vetloftas.lt\/index.php?rest_route=\/wp\/v2\/types\/page"}],"author":[{"embeddable":true,"href":"https:\/\/vetloftas.lt\/index.php?rest_route=\/wp\/v2\/users\/1"}],"replies":[{"embeddable":true,"href":"https:\/\/vetloftas.lt\/index.php?rest_route=%2Fwp%2Fv2%2Fcomments&post=515"}],"version-history":[{"count":7,"href":"https:\/\/vetloftas.lt\/index.php?rest_route=\/wp\/v2\/pages\/515\/revisions"}],"predecessor-version":[{"id":825,"href":"https:\/\/vetloftas.lt\/index.php?rest_route=\/wp\/v2\/pages\/515\/revisions\/825"}],"wp:attachment":[{"href":"https:\/\/vetloftas.lt\/index.php?rest_route=%2Fwp%2Fv2%2Fmedia&parent=515"}],"curies":[{"name":"wp","href":"https:\/\/api.w.org\/{rel}","templated":true}]}}