{"id":16,"date":"2019-07-02T05:11:45","date_gmt":"2019-07-02T05:11:45","guid":{"rendered":"http:\/\/vetloftas.lt\/?page_id=16"},"modified":"2023-12-07T08:08:39","modified_gmt":"2023-12-07T08:08:39","slug":"apie-mus","status":"publish","type":"page","link":"https:\/\/vetloftas.lt\/?page_id=16","title":{"rendered":"Apie mus"},"content":{"rendered":"\n\n\t<h1>\n\t\t\t\t\tApie mus\n\t\t\t\t<\/h1>\n\t\t\t\t<img src=\"http:\/\/vetloftas.lt\/wp-content\/uploads\/2023\/12\/20231206_235953-scaled.jpg\" alt=\"veterinare\" itemprop=\"image\"\/>\n\t<h3>\n\t\t\t\t\tSusipa\u017einkime\n\t\t\t\t<\/h3>\n\t\t\t<p>\u00a0<\/p>\n<p>\u00a0<\/p>\n<p>\u00a0<\/p>\n<p>\u00a0<\/p>\n<p>Sveiki !<\/p>\n<p>Esu veterinarijos gydytoja ir veterinarijos klinikos &#8220;Vetloftas&#8221; \u012fk\u016br\u0117ja Romena.<\/p>\n<p>Dar studijuodama LSMU Veterinarijos akademijoje prad\u0117jau dirbti veterinarijos gydytojo asistente, o pabaigusi veterinarin\u0117s medicinos studijas nuo 2017 m. dirbu ir kaupiu patirt\u012f kaip veterinarijos gydytoja.\u00a0<\/p>\n<p>Dirbdama \u012fvairiose veterinarijos klinikose sukaupiau nema\u017e\u0105 \u017eini\u0173 ir \u012fg\u016bd\u017ei\u0173 baga\u017e\u0105, tod\u0117l nusprend\u017eiau prad\u0117ti nauj\u0105 etap\u0105 ir atidaryti savo veterinarijos\u00a0 klinik\u0105.<\/p>\n<p>Manau, kad kiekvienas pacientas yra did\u017eiul\u0117 atsakomyb\u0117, ta\u010diau nemiegotas naktis ir vir\u0161valand\u017eius visada atperka pasveikusi\u0173 pacient\u0173 vizganti uodega ar meilus murkimas.<\/p>\n\n","protected":false},"excerpt":{"rendered":"<p>Apie mus Susipa\u017einkime \u00a0 \u00a0 \u00a0 \u00a0 Sveiki ! Esu veterinarijos gydytoja ir veterinarijos klinikos &#8220;Vetloftas&#8221; \u012fk\u016br\u0117ja Romena. Dar studijuodama LSMU Veterinarijos akademijoje prad\u0117jau dirbti veterinarijos gydytojo asistente, o pabaigusi veterinarin\u0117s medicinos studijas nuo 2017 m. dirbu ir kaupiu patirt\u012f kaip veterinarijos gydytoja.\u00a0 Dirbdama \u012fvairiose veterinarijos klinikose sukaupiau nema\u017e\u0105 \u017eini\u0173 ir \u012fg\u016bd\u017ei\u0173 baga\u017e\u0105, tod\u0117l nusprend\u017eiau &hellip;<\/p>\n<p class=\"read-more\"> <a class=\"\" href=\"https:\/\/vetloftas.lt\/?page_id=16\"> <span class=\"screen-reader-text\">Apie mus<\/span> Read More &raquo;<\/a><\/p>\n","protected":false},"author":1,"featured_media":0,"parent":0,"menu_order":0,"comment_status":"closed","ping_status":"closed","template":"","meta":{"site-sidebar-layout":"no-sidebar","site-content-layout":"page-builder","ast-global-header-display":"","ast-main-header-display":"","ast-hfb-above-header-display":"","ast-hfb-below-header-display":"","ast-hfb-mobile-header-display":"","site-post-title":"disabled","ast-breadcrumbs-content":"","ast-featured-img":"disabled","footer-sml-layout":"","theme-transparent-header-meta":"default","adv-header-id-meta":"","stick-header-meta":"","header-above-stick-meta":"","header-main-stick-meta":"","header-below-stick-meta":""},"_links":{"self":[{"href":"https:\/\/vetloftas.lt\/index.php?rest_route=\/wp\/v2\/pages\/16"}],"collection":[{"href":"https:\/\/vetloftas.lt\/index.php?rest_route=\/wp\/v2\/pages"}],"about":[{"href":"https:\/\/vetloftas.lt\/index.php?rest_route=\/wp\/v2\/types\/page"}],"author":[{"embeddable":true,"href":"https:\/\/vetloftas.lt\/index.php?rest_route=\/wp\/v2\/users\/1"}],"replies":[{"embeddable":true,"href":"https:\/\/vetloftas.lt\/index.php?rest_route=%2Fwp%2Fv2%2Fcomments&post=16"}],"version-history":[{"count":14,"href":"https:\/\/vetloftas.lt\/index.php?rest_route=\/wp\/v2\/pages\/16\/revisions"}],"predecessor-version":[{"id":858,"href":"https:\/\/vetloftas.lt\/index.php?rest_route=\/wp\/v2\/pages\/16\/revisions\/858"}],"wp:attachment":[{"href":"https:\/\/vetloftas.lt\/index.php?rest_route=%2Fwp%2Fv2%2Fmedia&parent=16"}],"curies":[{"name":"wp","href":"https:\/\/api.w.org\/{rel}","templated":true}]}}