{"id":15,"date":"2019-07-02T05:11:45","date_gmt":"2019-07-02T05:11:45","guid":{"rendered":"http:\/\/vetloftas.lt\/?page_id=15"},"modified":"2025-11-26T14:51:02","modified_gmt":"2025-11-26T14:51:02","slug":"home-2","status":"publish","type":"page","link":"https:\/\/vetloftas.lt\/","title":{"rendered":"Prad\u017eia"},"content":{"rendered":"\n\n\t<h1>VETLOFTAS<\/h1>\n\t<h2><em>Veterinarijos klinika Kaune<\/em><\/h2>\n\t<h1>\n\t\t\t\t\tAtsakingas po\u017ei\u016bris \u012f J\u016bs\u0173 augintin\u012f\n\t\t\t\t<\/h1>\n\t<h2>\n\t\t\t\t\t<a href=\"tel:+37066084400\" title=\"Skambinkite +37066084400\" target=\"_self\" rel=\"noopener\">\n\t\t\t\t\t\tSkambinkite +37066084400\n\t\t\t\t\t\t<\/a>\n\t\t\t<\/h2>\n\t<h2>\n\t\t\t\t\t<a href=\"https:\/\/www.google.lt\/maps\/dir\/\/vetloftas\/@54.9047656,23.8100439,12z\/data=!4m8!4m7!1m0!1m5!1m1!1s0x46e71f7c0f694061:0x16c48a71efeace2!2m2!1d23.8674634!2d54.9182241\" title=\"Naujakuri\u0173 g. 37B, Kaunas (\u0160ilainiai)\" target=\"_blank\" rel=\"noopener\">\n\t\t\t\t\t\tNaujakuri\u0173 g. 37B, Kaunas (\u0160ilainiai)\n\t\t\t\t\t\t<\/a>\n\t\t\t<\/h2>\n\t\t\t\t<img src=\"http:\/\/vetloftas.lt\/wp-content\/uploads\/2019\/07\/pet-with-girl-free-img.png\" alt=\"pet-with-girl-free-img\" itemprop=\"image\"\/>\n\t<h3>\n\t\t\t\t\tApie mus\n\t\t\t\t<\/h3>\n\t<h2>\n\t\t\t\t\tKiekvienu augintiniu r\u016bpinam\u0117s kaip savo\n\t\t\t\t<\/h2>\n\t<p>\u012e gydym\u0105 \u017ei\u016brime atsakingai ir kiekvienu pacientu r\u016bpinam\u0117s lyg jis b\u016bt\u0173 m\u016bs\u0173\u00a0 \u0161eimos narys.<\/p>\n<p>\u017dinome, kad mylimo augintinio sveikata Jums svarbiausia, tod\u0117l visada skiriame pakankamai laiko vizitui veterinarijos klinikoje ir i\u0161samiai papasakojame apie ligos eig\u0105, reikiamus tyrimus ar tolimesn\u012f gydym\u0105.<\/p>\n<p>Visada kvie\u010diame kilus neai\u0161kumais susisiekti telefonu, el. pa\u0161tu ar socialiniuose tinkluose.<\/p>\n\t\t\t<a href=\"https:\/\/vetloftas.lt\/?page_id=16\" target=\"_blank\" role=\"button\" rel=\"noopener\">\n\t\t\t\t\t\tSu\u017einoti daugiau\n\t\t<\/a>\n\t\t\t\t<img src=\"http:\/\/vetloftas.lt\/wp-content\/uploads\/2024\/09\/operacijos_nuotr.png\" alt=\"operacijos_nuotr\" itemprop=\"image\"\/>\n\t\t\t\t<img src=\"http:\/\/vetloftas.lt\/wp-content\/uploads\/2024\/09\/IMG_20240912_182125-scaled.jpg\" alt=\"IMG_20240912_182125\" itemprop=\"image\"\/>\n\t\t\t\t<img src=\"http:\/\/vetloftas.lt\/wp-content\/uploads\/2023\/10\/PXL_20231026_071528281-scaled.jpg\" alt=\"burnos_higiena\" itemprop=\"image\"\/>\n\t<h2>\n\t\t\t\t\tMa\u017eiau streso\n\t\t\t\t<\/h2>\n\t\t\t<p>Suprantame, kad vizitas veterinarijos klinikoje gali sukelti daug streso \u0161unims ir ypa\u010d kat\u0117ms&#8230;kartais ir \u0161eimininkams \ud83d\ude42<\/p>\n<p>R\u016bpindamiesi savo pacient\u0173 gerove, &#8220;Vetloftas&#8221; veterinarijos klinikoje \u012freng\u0117me atskiras laukiamojo zonas \u0161unims ir kat\u0117ms.\u00a0<\/p>\n<p>Ka\u010di\u0173 zonoje rasite &#8220;Ka\u010di\u0173 suoliuk\u0105&#8221;, skirt\u0105 pad\u0117ti transportavimo d\u0117\u017e\u0117ms, kad kat\u0117s gal\u0117t\u0173 patogiai ir saugiai steb\u0117ti aplink\u0105.<\/p>\n<p>D\u0117l vis\u0173 m\u016bs\u0173 saugumo klinikoje raginame \u0161eimininkus savo augintinius laikyti su antkakliais\/petne\u0161omis ir pavad\u0117liais ar transportavimo krep\u0161iuose.<\/p>\n\t\t\t\t<img src=\"http:\/\/vetloftas.lt\/wp-content\/uploads\/2022\/09\/20220830_112230copy-scaled.jpg\" alt=\"20220830_112230copy\" itemprop=\"image\"\/>\n\t<h2>\n\t\t\t\t\tKolektyvas\n\t\t\t\t<\/h2>\n\t<h2>\n\t\t\t\t\tVeterinarijos gydytoja Romena\n\t\t\t\t<\/h2>\n\t\t\t<p><img loading=\"lazy\" src=\"http:\/\/vetloftas.lt\/wp-content\/uploads\/2023\/12\/20231206_235953-265x300.jpg\" alt=\"\" width=\"245\" height=\"277\" \/><\/p>\n<p>\u00a0<\/p>\n<p>Veterinarijos gydytoja ir veterinarijos klinikos &#8220;Vetloftas&#8221; \u012fk\u016br\u0117ja. Ilgamet\u0119 patirt\u012f turinti veterinarijos gydytoja.<\/p>\n<p>&#8220;Manau, kad kiekvienas pacientas yra did\u017eiul\u0117 atsakomyb\u0117, ta\u010diau nemiegotas naktis ir vir\u0161valand\u017eius visada atperka pasveikusi\u0173 pacient\u0173 vizganti uodega ar meilus murkimas.&#8221;<\/p>\n\t<h2>\n\t\t\t\t\tVet. gydytojo asistent\u0117 August\u0117\n\t\t\t\t<\/h2>\n\t\t\t<h4><img loading=\"lazy\" src=\"http:\/\/vetloftas.lt\/wp-content\/uploads\/2025\/11\/IMG_20251126_162231_1-225x300.jpg\" alt=\"vet\" width=\"225\" height=\"300\" \/><\/h4>\n<p>Veterinarin\u0117s medicinos student\u0117, pacient\u0173 guod\u0117ja ir katino Nolo \u0161eiminink\u0117.<\/p>\n\t<h1>PASLAUGOS<\/h1>\n\t<h3>\n\t\t\t\t\tTerapinis gydymas\n\t\t\t\t<\/h3>\n\t\t\t<ul>\n<li>Vidaus lig\u0173 diagnostika ir gydymas<\/li>\n<li>Skubi pagalba<\/li>\n<li>Profilaktin\u0117 ap\u017ei\u016bra<\/li>\n<\/ul>\n\t\t\t\t<img src=\"http:\/\/vetloftas.lt\/wp-content\/uploads\/2022\/08\/ikona2-291x300.png\" alt=\"ikona2\" itemprop=\"image\"\/>\n\t\t\t<a href=\"https:\/\/vetloftas.lt\/?page_id=634\" target=\"_blank\" role=\"button\" rel=\"noopener\">\n\t\t\t\t\t\tSu\u017einoti daugiau\n\t\t<\/a>\n\t<h3>\n\t\t\t\t\tTyrimai\n\t\t\t\t<\/h3>\n\t\t\t<ul>\n<li>Kraujo tyrimai<\/li>\n<li>\u0160lapimo tyrimai<\/li>\n<li>Odos skutmen\u0173 tyrimas<\/li>\n<li>Kaprologinis (i\u0161mat\u0173 tyrimas)<\/li>\n<li>Greitieji infekcini\u0173 lig\u0173 tyrimai<\/li>\n<li>Bakteriologiniai tyrimai<\/li>\n<li>Pilvo echoskopijos tyrimai<\/li>\n<\/ul>\n\t\t\t\t<img src=\"http:\/\/vetloftas.lt\/wp-content\/uploads\/2022\/08\/ikona4-281x300.png\" alt=\"ikona4\" itemprop=\"image\"\/>\n\t\t\t<a href=\"https:\/\/vetloftas.lt\/?page_id=636\" target=\"_blank\" role=\"button\" rel=\"noopener\">\n\t\t\t\t\t\tSu\u017einoti daugiau\n\t\t<\/a>\n\t<h3>\n\t\t\t\t\tChirurgija\n\t\t\t\t<\/h3>\n\t\t\t<ul>\n<li>\u017daizd\u0173 chirurginis gydymas<\/li>\n<li>Kastracija\/sterilizacija<\/li>\n<li>Piometros chirurginis gydymas<\/li>\n<li>Navik\u0173 \u0161alinimas<\/li>\n<li>\u0160lapimo tak\u0173, vir\u0161kinamojo trakto operacijos<\/li>\n<li>Diagnostin\u0117 laparotomija<\/li>\n<\/ul>\n\t\t\t\t<img src=\"http:\/\/vetloftas.lt\/wp-content\/uploads\/2022\/08\/ikona11-300x300.png\" alt=\"ikona11\" itemprop=\"image\"\/>\n\t\t\t<a href=\"https:\/\/vetloftas.lt\/?page_id=638\" target=\"_blank\" role=\"button\" rel=\"noopener\">\n\t\t\t\t\t\tSu\u017einoti daugiau\n\t\t<\/a>\n\t<h3>\n\t\t\t\t\tKitos paslaugos\n\t\t\t\t<\/h3>\n\t\t\t<ul>\n<li>Vakcinacija<\/li>\n<li>Burnos higiena<\/li>\n<li>ES gyv\u016bno augintinio paso i\u0161davimas<\/li>\n<li>\u017denklinimas<\/li>\n<\/ul>\n\t\t\t\t<img src=\"http:\/\/vetloftas.lt\/wp-content\/uploads\/2022\/08\/ikona7-300x300.png\" alt=\"ikona7\" itemprop=\"image\"\/>\n\t\t\t<a href=\"https:\/\/vetloftas.lt\/?page_id=640\" target=\"_blank\" role=\"button\" rel=\"noopener\">\n\t\t\t\t\t\tSu\u017einoti daugiau\n\t\t<\/a>\n\t<h2>\n\t\t\t\t\tAtsiliepimai\n\t\t\t\t<\/h2>\n\t\t\t\t<img src=\"http:\/\/vetloftas.lt\/wp-content\/uploads\/2023\/01\/Veterinarijos-klinika-vetloftas-atsiliepimai-7.png\" alt=\"Veterinarijos klinika vetloftas atsiliepimai 7\" itemprop=\"image\" title=\"Veterinarijos klinika vetloftas atsiliepimai 7\" onerror=\"this.style.display='none'\"  \/>\n\t\t\t\t<img src=\"http:\/\/vetloftas.lt\/wp-content\/uploads\/2023\/01\/Veterinarijos-klinika-Vetloftas-atsiliepimai-3.png\" alt=\"Veterinarijos klinika Vetloftas atsiliepimai 3\" itemprop=\"image\" title=\"Veterinarijos klinika Vetloftas atsiliepimai 3\" onerror=\"this.style.display='none'\"  \/>\n\t\t\t\t<img src=\"http:\/\/vetloftas.lt\/wp-content\/uploads\/2024\/09\/Screenshot_20240930-122757_Google.jpg\" alt=\"Screenshot_20240930-122757_Google\" itemprop=\"image\" title=\"Screenshot_20240930-122757_Google\" onerror=\"this.style.display='none'\"  \/>\n\t\t\t\t<img src=\"http:\/\/vetloftas.lt\/wp-content\/uploads\/2024\/09\/Screenshot_20240905-090651_Google.jpg\" alt=\"Screenshot_20240905-090651_Google\" itemprop=\"image\" title=\"Screenshot_20240905-090651_Google\" onerror=\"this.style.display='none'\"  \/>\n\t\t\t\t<img loading=\"lazy\" src=\"https:\/\/vetloftas.lt\/wp-content\/uploads\/2023\/01\/Veterinarijos-klinika-Vetloftas-atsiliepimai-6.png\" alt=\"Veterinarijos klinika Vetloftas atsiliepimai 6\" itemprop=\"image\" height=\"78\" width=\"268\" title=\"Veterinarijos klinika Vetloftas atsiliepimai 6\" onerror=\"this.style.display='none'\"  \/>\n\t\t\t\t<img src=\"http:\/\/vetloftas.lt\/wp-content\/uploads\/2023\/01\/Veterinarijos-klinika-vetloftas-atsiliepimai-4.png\" alt=\"Veterinarijos klinika vetloftas atsiliepimai 4\" itemprop=\"image\" title=\"Veterinarijos klinika vetloftas atsiliepimai 4\" onerror=\"this.style.display='none'\"  \/>\n\t\t\t\t<img src=\"http:\/\/vetloftas.lt\/wp-content\/uploads\/2023\/01\/Veterinarijos-klinika-Vetloftas-atsiliepimas-1.png\" alt=\"Veterinarijos klinika Vetloftas atsiliepimas 1\" itemprop=\"image\" title=\"Veterinarijos klinika Vetloftas atsiliepimas 1\" onerror=\"this.style.display='none'\"  \/>\n\t\t\t\t<img src=\"http:\/\/vetloftas.lt\/wp-content\/uploads\/2023\/01\/Veterinarijos-klinika-Vetloftas-atsiliepimai-2.png\" alt=\"Veterinarijos klinika Vetloftas atsiliepimai 2\" itemprop=\"image\" title=\"Veterinarijos klinika Vetloftas atsiliepimai 2\" onerror=\"this.style.display='none'\"  \/>\n\t\t\t\t<img src=\"http:\/\/vetloftas.lt\/wp-content\/uploads\/2024\/09\/Screenshot_20240703-161015_Google.jpg\" alt=\"Screenshot_20240703-161015_Google\" itemprop=\"image\" title=\"Screenshot_20240703-161015_Google\" onerror=\"this.style.display='none'\"  \/>\n\t<h2>\n\t\t\t\t\t\u012eVERTINKITE MUS\n\t\t\t\t<\/h2>\n\t\t\t<h3>\u00a0\u00a0 <\/h3>\n\t\t\t\t<img src=\"http:\/\/vetloftas.lt\/wp-content\/uploads\/2022\/08\/PEDUTES_NAUJA.png\" alt=\"PEDUTES_NAUJA\" itemprop=\"image\"\/>\n\t<h2>\n\t\t\t\t\tPad\u0117kite mums tobul\u0117ti ir palikite atsiliepim\u0105\n\t\t\t\t<\/h2>\n\t\t\t<h3>\u00a0 \u00a0\u00a0 <\/h3>\n\t\t\t<a href=\"https:\/\/www.google.lt\/search?q=vetloftas&#038;sxsrf=ALiCzsa-1utaRapP84jFWeHoRYXGia_0kw%3A1667139231139&#038;source=hp&#038;ei=n4ZeY6SJBfWC9u8PmrGEwA8&#038;iflsig=AJiK0e8AAAAAY16Ur8IMcNy02CTaGni64g3ewI303CIK&#038;ved=0ahUKEwjk1KPNkYj7AhV1gf0HHZoYAfgQ4dUDCAg&#038;uact=5&#038;oq=vetloftas&#038;gs_lp=Egdnd3Mtd2l6uAED-AEBMgQQIxgnMgQQIxgnMgIQJsICCxAAGIAEGLEDGIMBwgIREC4YgAQYsQMYgwEYxwEY0QPCAggQABiABBixA8ICERAuGIAEGLEDGIMBGMcBGK8BwgIHEAAYgAQYA8ICCBAAGLEDGIMBwgIFEAAYgATCAgcQIxjJAxgnwgINEAAYgAQYsQMYgwEYCsICBRAAGJIDwgILEC4YgAQYxwEYrwHCAggQLhiABBjUAsICBRAuGIAEwgIHEAAYgAQYCsICCBAAGIAEGMsBwgIOEC4YgAQYxwEYrwEYywHCAgoQABiABBgKGMsBwgIGEAAYHhgKSOcOUABYpwtwAHgAyAEAkAEAmAGQAaAB8weqAQMzLjY&#038;sclient=gws-wiz#lrd=0x46e71f7c0f694061:0x16c48a71efeace2,3,,,\" target=\"_blank\" role=\"button\" rel=\"noopener\">\n\t\t\t\t\t\tGoogle atsiliepimas\n\t\t<\/a>\n\t\t\t<a href=\"https:\/\/www.facebook.com\/Vetloftas\" target=\"_blank\" role=\"button\" rel=\"noopener\">\n\t\t\t\t\t\tFacebook atsiliepimas\n\t\t<\/a>\n\t<h2>\n\t\t\t\t\tKvie\u010diame apsilankyti\n\t\t\t\t<\/h2>\n\t\t\t<p>Kvie\u010diame apsilankyti veterinarijos klinikoje ne tik gydymui ar tyrimams, bet ir profilaktinei ap\u017ei\u016brai, veterinarijos gydytojo konsultacijoms ar \u012fsigyti m\u0117giamo maisto, papild\u0173 ar skan\u0117st\u0173 j\u016bs\u0173 mylimam augintiniui.<\/p>\n\t\t\t<a href=\"https:\/\/vetloftas.lt\/?page_id=516\" target=\"_blank\" role=\"button\" rel=\"noopener\">\n\t\t\t\t\t\tRegistruotis vizitui\n\t\t<\/a>\n\t\t\t\t<img src=\"http:\/\/vetloftas.lt\/wp-content\/uploads\/2024\/04\/20240422_094245-scaled.jpg\" alt=\"vet_klinika_laukiamasis\" itemprop=\"image\"\/>\n\t\t\n","protected":false},"excerpt":{"rendered":"<p>VETLOFTAS Veterinarijos klinika Kaune Atsakingas po\u017ei\u016bris \u012f J\u016bs\u0173 augintin\u012f Skambinkite +37066084400 Naujakuri\u0173 g. 37B, Kaunas (\u0160ilainiai) Apie mus Kiekvienu augintiniu r\u016bpinam\u0117s kaip savo \u012e gydym\u0105 \u017ei\u016brime atsakingai ir kiekvienu pacientu r\u016bpinam\u0117s lyg jis b\u016bt\u0173 m\u016bs\u0173\u00a0 \u0161eimos narys. \u017dinome, kad mylimo augintinio sveikata Jums svarbiausia, tod\u0117l visada skiriame pakankamai laiko vizitui veterinarijos klinikoje ir i\u0161samiai papasakojame &hellip;<\/p>\n<p class=\"read-more\"> <a class=\"\" href=\"https:\/\/vetloftas.lt\/\"> <span class=\"screen-reader-text\">Prad\u017eia<\/span> Read More &raquo;<\/a><\/p>\n","protected":false},"author":1,"featured_media":0,"parent":0,"menu_order":0,"comment_status":"closed","ping_status":"closed","template":"","meta":{"site-sidebar-layout":"default","site-content-layout":"page-builder","ast-global-header-display":"","ast-main-header-display":"","ast-hfb-above-header-display":"","ast-hfb-below-header-display":"","ast-hfb-mobile-header-display":"","site-post-title":"disabled","ast-breadcrumbs-content":"","ast-featured-img":"disabled","footer-sml-layout":"","theme-transparent-header-meta":"enabled","adv-header-id-meta":"","stick-header-meta":"","header-above-stick-meta":"","header-main-stick-meta":"","header-below-stick-meta":""},"_links":{"self":[{"href":"https:\/\/vetloftas.lt\/index.php?rest_route=\/wp\/v2\/pages\/15"}],"collection":[{"href":"https:\/\/vetloftas.lt\/index.php?rest_route=\/wp\/v2\/pages"}],"about":[{"href":"https:\/\/vetloftas.lt\/index.php?rest_route=\/wp\/v2\/types\/page"}],"author":[{"embeddable":true,"href":"https:\/\/vetloftas.lt\/index.php?rest_route=\/wp\/v2\/users\/1"}],"replies":[{"embeddable":true,"href":"https:\/\/vetloftas.lt\/index.php?rest_route=%2Fwp%2Fv2%2Fcomments&post=15"}],"version-history":[{"count":53,"href":"https:\/\/vetloftas.lt\/index.php?rest_route=\/wp\/v2\/pages\/15\/revisions"}],"predecessor-version":[{"id":902,"href":"https:\/\/vetloftas.lt\/index.php?rest_route=\/wp\/v2\/pages\/15\/revisions\/902"}],"wp:attachment":[{"href":"https:\/\/vetloftas.lt\/index.php?rest_route=%2Fwp%2Fv2%2Fmedia&parent=15"}],"curies":[{"name":"wp","href":"https:\/\/api.w.org\/{rel}","templated":true}]}}